{"id":9,"date":"2021-09-30T22:32:30","date_gmt":"2021-09-30T20:32:30","guid":{"rendered":"https:\/\/freihof-sulgen.ch\/?page_id=9"},"modified":"2026-04-09T22:39:17","modified_gmt":"2026-04-09T20:39:17","slug":"herzlich-willkommae","status":"publish","type":"page","link":"https:\/\/freihof-sulgen.ch\/","title":{"rendered":"Herzlich willkomm\u00e4!"},"content":{"rendered":"\n<p class=\"has-text-align-center\">im<\/p>\n\n\n<div class=\"wp-block-image\">\n<figure class=\"aligncenter size-large\"><img loading=\"lazy\" decoding=\"async\" width=\"1024\" height=\"190\" src=\"https:\/\/freihof-sulgen.ch\/wp-content\/uploads\/2021\/09\/Freihof-Logo-schmal-1-1024x190.png\" alt=\"\" class=\"wp-image-23\" srcset=\"https:\/\/freihof-sulgen.ch\/wp-content\/uploads\/2021\/09\/Freihof-Logo-schmal-1-1024x190.png 1024w, https:\/\/freihof-sulgen.ch\/wp-content\/uploads\/2021\/09\/Freihof-Logo-schmal-1-300x56.png 300w, https:\/\/freihof-sulgen.ch\/wp-content\/uploads\/2021\/09\/Freihof-Logo-schmal-1-768x142.png 768w, https:\/\/freihof-sulgen.ch\/wp-content\/uploads\/2021\/09\/Freihof-Logo-schmal-1-1536x284.png 1536w, https:\/\/freihof-sulgen.ch\/wp-content\/uploads\/2021\/09\/Freihof-Logo-schmal-1-1200x222.png 1200w, https:\/\/freihof-sulgen.ch\/wp-content\/uploads\/2021\/09\/Freihof-Logo-schmal-1.png 1594w\" sizes=\"(max-width: 1024px) 100vw, 1024px\" \/><\/figure><\/div>\n\n\n<p class=\"has-text-align-center has-large-font-size\">Mir, d&#8217;Joli und d\u00e4 Ren\u00e9 Felix mit em ganze Team freued \u00fcs scho jetzt uf en Bsuech vo dir bi \u00fcs im Restaurant Freihof in Sulgen.<\/p>\n\n\n<div class=\"wp-block-image\">\n<figure class=\"aligncenter size-large\"><img loading=\"lazy\" decoding=\"async\" width=\"1024\" height=\"768\" src=\"https:\/\/freihof-sulgen.ch\/wp-content\/uploads\/2021\/12\/20200819_123528058_iOS-Kopie-1024x768.jpg\" alt=\"\" class=\"wp-image-190\" srcset=\"https:\/\/freihof-sulgen.ch\/wp-content\/uploads\/2021\/12\/20200819_123528058_iOS-Kopie-1024x768.jpg 1024w, https:\/\/freihof-sulgen.ch\/wp-content\/uploads\/2021\/12\/20200819_123528058_iOS-Kopie-300x225.jpg 300w, https:\/\/freihof-sulgen.ch\/wp-content\/uploads\/2021\/12\/20200819_123528058_iOS-Kopie-768x576.jpg 768w, https:\/\/freihof-sulgen.ch\/wp-content\/uploads\/2021\/12\/20200819_123528058_iOS-Kopie-1200x900.jpg 1200w, https:\/\/freihof-sulgen.ch\/wp-content\/uploads\/2021\/12\/20200819_123528058_iOS-Kopie.jpg 1210w\" sizes=\"(max-width: 1024px) 100vw, 1024px\" \/><\/figure><\/div>\n\n\n<h2 class=\"wp-block-heading has-text-align-center has-primary-color has-text-color has-link-color wp-elements-7008ab383954801a0b93c9dcfe556bf3\"><strong>\u00dcsi \u00d6ffnigszyte sind:<\/strong><\/h2>\n\n\n\n<p class=\"has-text-align-center has-large-font-size\">M\u00e4ntig \u2013 Donschtig: 17.00 \u2013 23.00 Uhr<br>\u2192 Am M\u00e4ntig i ungrad\u00e4 Kalenderwuch\u00e4 bliibt s&#8217;Resti gschloss\u00e4<br>Freitag: 16.00 \u2013 23.00 Uhr<br>Samstig &amp; Sunntig gschloss\u00e4<\/p>\n\n\n\n<p class=\"has-text-align-center has-large-font-size\"><em>\u00c4nderig\u00e4 vorbehalte.<\/em><\/p>\n\n\n\n<p class=\"has-text-align-center has-large-font-size\">F\u00fcr Gruppe ab 25 Persone mached mir uf Afrog uf. <br>F\u00fcr chliineri Gruppe eifach afrog\u00e4, mengmol ergit sich au do \u00e4 M\u00f6glichkeit.<br>Au gits immer wieder Events am Wuchenend.<\/p>\n\n\n\n<p class=\"has-text-align-center has-large-font-size\">\u00c4s Highlight isch definitiv \u00fcsi Chegelbahn. Reservation dringend empfohl\u00e4; d&#8217;Chegelbahn isch guet usglaschtet.<\/p>\n\n\n\n<p class=\"has-text-align-center has-large-font-size\">Reservatione n\u00e4hmed mir gern unter<\/p>\n\n\n\n<h2 class=\"wp-block-heading has-text-align-center\">071 636 11 07<\/h2>\n\n\n\n<p class=\"has-text-align-center has-large-font-size\">entg\u00e4ge.<\/p>\n\n\n\n<hr class=\"wp-block-separator has-text-color has-secondary-color has-css-opacity has-secondary-background-color has-background is-style-dots\"\/>\n\n\n\n<h2 class=\"wp-block-heading has-text-align-center\">aktuell<\/h2>\n\n\n\n<div class=\"wp-block-query is-layout-flow wp-block-query-is-layout-flow\"><ul class=\"wp-block-post-template is-layout-flow wp-block-post-template-is-layout-flow\"><li class=\"wp-block-post post-744 post type-post status-publish format-standard hentry category-aktuell category-news\">\n<h2 class=\"has-text-align-center alignwide wp-block-post-title\">Geburtstagsgr\u00fcsse am Radio<\/h2>\n\n\n<div class=\"wp-block-group\"><div class=\"wp-block-group__inner-container is-layout-flow wp-block-group-is-layout-flow\">\n<div class=\"wp-block-columns are-vertically-aligned-center is-layout-flex wp-container-core-columns-is-layout-1 wp-block-columns-is-layout-flex\">\n<div class=\"wp-block-column is-vertically-aligned-center is-layout-flow wp-block-column-is-layout-flow\" style=\"flex-basis:100%\"><div class=\"entry-content wp-block-post-content is-layout-flow wp-block-post-content-is-layout-flow\">\n<p class=\"has-text-align-center\">Vielen lieben Dank an Eveline und unsere \u00d6rgeligruppe f\u00fcr die lieben Geburtstagsw\u00fcnsche! Was f\u00fcr eine sch\u00f6ne \u00dcberraschung!<\/p>\n\n\n\n<figure class=\"wp-block-audio\"><audio controls src=\"https:\/\/freihof-sulgen.ch\/wp-content\/uploads\/2026\/03\/AUDIO-2026-02-26-10-06-08.aac\"><\/audio><\/figure>\n<\/div><\/div>\n<\/div>\n<\/div><\/div>\n\n\n\n<\/li><li class=\"wp-block-post post-337 post type-post status-publish format-standard hentry category-aktuell\">\n<h2 class=\"has-text-align-center alignwide wp-block-post-title\">Di n\u00f6chst Stubete:<\/h2>\n\n\n<div class=\"wp-block-group\"><div class=\"wp-block-group__inner-container is-layout-flow wp-block-group-is-layout-flow\">\n<div class=\"wp-block-columns are-vertically-aligned-center is-layout-flex wp-container-core-columns-is-layout-2 wp-block-columns-is-layout-flex\">\n<div class=\"wp-block-column is-vertically-aligned-center is-layout-flow wp-block-column-is-layout-flow\" style=\"flex-basis:100%\"><div class=\"entry-content wp-block-post-content is-layout-flow wp-block-post-content-is-layout-flow\"><div class=\"wp-block-image is-resized\">\n<figure class=\"aligncenter size-large\"><img loading=\"lazy\" decoding=\"async\" width=\"300\" height=\"300\" src=\"https:\/\/freihof-sulgen.ch\/wp-content\/uploads\/2026\/04\/2026-stubete-flyer-4-1-300x300.png\" class=\"wp-image-770\" srcset=\"https:\/\/freihof-sulgen.ch\/wp-content\/uploads\/2026\/04\/2026-stubete-flyer-4-1-300x300.png 300w, https:\/\/freihof-sulgen.ch\/wp-content\/uploads\/2026\/04\/2026-stubete-flyer-4-1-150x150.png 150w, https:\/\/freihof-sulgen.ch\/wp-content\/uploads\/2026\/04\/2026-stubete-flyer-4-1-768x768.png 768w, https:\/\/freihof-sulgen.ch\/wp-content\/uploads\/2026\/04\/2026-stubete-flyer-4-1.png 780w\" sizes=\"(max-width: 300px) 100vw, 300px\" \/><\/figure><\/div><\/div><\/div>\n<\/div>\n<\/div><\/div>\n\n\n\n<\/li><li class=\"wp-block-post post-715 post type-post status-publish format-standard hentry category-aktuell category-news\">\n<h2 class=\"has-text-align-center alignwide wp-block-post-title\">Gr\u00fcsse per Radio<\/h2>\n\n\n<div class=\"wp-block-group\"><div class=\"wp-block-group__inner-container is-layout-flow wp-block-group-is-layout-flow\">\n<div class=\"wp-block-columns are-vertically-aligned-center is-layout-flex wp-container-core-columns-is-layout-3 wp-block-columns-is-layout-flex\">\n<div class=\"wp-block-column is-vertically-aligned-center is-layout-flow wp-block-column-is-layout-flow\" style=\"flex-basis:100%\"><div class=\"entry-content wp-block-post-content is-layout-flow wp-block-post-content-is-layout-flow\">\n<p class=\"has-text-align-center\">Viele Dank f\u00fcr di li\u00e4b\u00e4 Gr\u00fc\u00e4ss per Radio Eveline Zihlmann. \u00dcs freuts sehr, dass ihr bi \u00fcs ch\u00f6m\u00e4d go \u00f6rgele! Egal ob bim Probe oder a de Stubete, sind ihr immer herzlich willkomm\u00e4.<\/p>\n\n\n\n<p class=\"has-text-align-center\">Ausschnitt aus dem Wunschkonzert bei Radio Eviva am 3.12.25<\/p>\n\n\n\n<figure class=\"wp-block-audio\"><audio controls src=\"https:\/\/freihof-sulgen.ch\/wp-content\/uploads\/2025\/12\/WhatsApp-Audio-2025-12-03-at-23.25.57.aac\"><\/audio><\/figure>\n<\/div><\/div>\n<\/div>\n<\/div><\/div>\n\n\n\n<\/li><\/ul><\/div>\n\n\n\n<hr class=\"wp-block-separator has-css-opacity is-style-dots\"\/>\n","protected":false},"excerpt":{"rendered":"<p>im Mir, d&#8217;Joli und d\u00e4 Ren\u00e9 Felix mit em ganze Team freued \u00fcs scho jetzt uf en Bsuech vo dir bi \u00fcs im Restaurant Freihof in Sulgen. \u00dcsi \u00d6ffnigszyte sind: M\u00e4ntig \u2013 Donschtig: 17.00 \u2013 23.00 Uhr\u2192 Am M\u00e4ntig i ungrad\u00e4 Kalenderwuch\u00e4 bliibt s&#8217;Resti gschloss\u00e4Freitag: 16.00 \u2013 23.00 UhrSamstig &amp; Sunntig gschloss\u00e4 \u00c4nderig\u00e4 vorbehalte. F\u00fcr [&hellip;]<\/p>\n","protected":false},"author":1,"featured_media":0,"parent":0,"menu_order":0,"comment_status":"closed","ping_status":"closed","template":"templates\/template-full-width.php","meta":{"footnotes":""},"_links":{"self":[{"href":"https:\/\/freihof-sulgen.ch\/index.php?rest_route=\/wp\/v2\/pages\/9"}],"collection":[{"href":"https:\/\/freihof-sulgen.ch\/index.php?rest_route=\/wp\/v2\/pages"}],"about":[{"href":"https:\/\/freihof-sulgen.ch\/index.php?rest_route=\/wp\/v2\/types\/page"}],"author":[{"embeddable":true,"href":"https:\/\/freihof-sulgen.ch\/index.php?rest_route=\/wp\/v2\/users\/1"}],"replies":[{"embeddable":true,"href":"https:\/\/freihof-sulgen.ch\/index.php?rest_route=%2Fwp%2Fv2%2Fcomments&post=9"}],"version-history":[{"count":97,"href":"https:\/\/freihof-sulgen.ch\/index.php?rest_route=\/wp\/v2\/pages\/9\/revisions"}],"predecessor-version":[{"id":768,"href":"https:\/\/freihof-sulgen.ch\/index.php?rest_route=\/wp\/v2\/pages\/9\/revisions\/768"}],"wp:attachment":[{"href":"https:\/\/freihof-sulgen.ch\/index.php?rest_route=%2Fwp%2Fv2%2Fmedia&parent=9"}],"curies":[{"name":"wp","href":"https:\/\/api.w.org\/{rel}","templated":true}]}}